{"id":575,"date":"2024-10-09T15:01:06","date_gmt":"2024-10-09T15:01:06","guid":{"rendered":"https:\/\/pantrojniak.com\/oswiadczenie-o-odstapieniu-od-umowy-sprzedazy\/"},"modified":"2024-10-09T15:15:26","modified_gmt":"2024-10-09T15:15:26","slug":"statement-of-withdrawal-from-sales-agreement","status":"publish","type":"page","link":"https:\/\/pantrojniak.com\/en\/statement-of-withdrawal-from-sales-agreement\/","title":{"rendered":"Statement of withdrawal from Sales Agreement"},"content":{"rendered":"<p><strong>Statement of withdrawal from the Sales Agreement<\/strong><\/p><figure class=\"wp-block-table\"><table class=\"has-fixed-layout\"><tbody><tr><td>&nbsp;<\/td><td colspan=\"2\">___________________,&nbsp; ________________ r.<\/td><\/tr><tr><td>&nbsp;<\/td><td colspan=\"2\"><em>(place and date)<\/em><\/td><\/tr><tr><td colspan=\"2\"><strong>The Buyer<\/strong><\/td><td>&nbsp;<\/td><\/tr><tr><td colspan=\"2\">&nbsp; __________________________&nbsp; <em>&nbsp;&nbsp;&nbsp;&nbsp;&nbsp;&nbsp;&nbsp;&nbsp;&nbsp;&nbsp;&nbsp;&nbsp;&nbsp; (name and surname)<\/em><\/td><td>&nbsp;<\/td><\/tr><tr><td colspan=\"2\">&nbsp; __________________________ <em>&nbsp;&nbsp;&nbsp;&nbsp;&nbsp;&nbsp; (street, hous no., flat no.)<\/em><\/td><td>&nbsp;<\/td><\/tr><tr><td colspan=\"2\">&nbsp; __________________________&nbsp; &nbsp;&nbsp;&nbsp;&nbsp;&nbsp;&nbsp;&nbsp;&nbsp;&nbsp;&nbsp;&nbsp;&nbsp;&nbsp;&nbsp;&nbsp;&nbsp; (<em>post code, city)<\/em><\/td><td>&nbsp;<\/td><\/tr><tr><td colspan=\"2\">&nbsp;<\/td><td>&nbsp;<\/td><\/tr><tr><td colspan=\"2\">&nbsp;<\/td><td><strong>Store Pan Tr\u00f3jniak<\/strong> <strong>Wilk\u00f3w 69&nbsp;<\/strong> <strong>24-313 Wilk\u00f3w&nbsp;<\/strong> <strong>Poland&nbsp;<\/strong><\/td><\/tr><tr><td><br><\/td><td><br><\/td><td><br><\/td><\/tr><\/tbody><\/table><\/figure><p><strong>STATEMENT OF WITHDRAWAL FROM THE SALES AGREEMENT<\/strong><\/p><figure class=\"wp-block-table\"><table class=\"has-fixed-layout\"><tbody><tr><td>I, the undersigned, declare that I withdraw from the agreement for the sale of the following Goods:<\/td><\/tr><tr><td>&nbsp; ________________________________________________________________________________<\/td><\/tr><tr><td>&nbsp; ________________________________________________________________________________<\/td><\/tr><tr><td>&nbsp; ________________________________________________________________________________.<\/td><\/tr><tr><td>&nbsp;<\/td><\/tr><tr><td>Order data:<\/td><\/tr><tr><td>&nbsp; &#8211; number of Order: _________________________________________________________________________<\/td><\/tr><tr><td>&nbsp; &#8211; date of placing the Order <em>(day\/month\/year)<\/em>: ____________________________________________________<\/td><\/tr><tr><td>&nbsp; &#8211; date of delivery the Goods: <em>(day\/month\/year):<\/em> _______________________________________<\/td><\/tr><tr><td>&nbsp;<\/td><\/tr><tr><td>PKD codes of the Buyer&#8217;s business activity<em>&nbsp;<\/em> <em>(enter only if the Buyer is an Entrepreneur with Consumer rights):<\/em><\/td><\/tr><tr><td>&nbsp; ________________________________________________________________________________<\/td><\/tr><tr><td>&nbsp; ________________________________________________________________________________<\/td><\/tr><\/tbody><\/table><\/figure><figure class=\"wp-block-table\"><table class=\"has-fixed-layout\"><tbody><tr><td>&nbsp;<\/td><td>____________________________________ <em>(legible signature of the Buyer)<\/em><\/td><\/tr><\/tbody><\/table><\/figure>","protected":false},"excerpt":{"rendered":"<p>Statement of withdrawal from the Sales Agreement &nbsp; ___________________,&nbsp; ________________ r. &nbsp; (place and date) The Buyer &nbsp; &nbsp; __________________________&nbsp; &nbsp;&nbsp;&nbsp;&nbsp;&nbsp;&nbsp;&nbsp;&nbsp;&nbsp;&nbsp;&nbsp;&nbsp;&nbsp; (name and surname) &nbsp; &nbsp; __________________________ &nbsp;&nbsp;&nbsp;&nbsp;&nbsp;&nbsp; (street, hous no., flat no.) &nbsp; &nbsp; __________________________&nbsp; &nbsp;&nbsp;&nbsp;&nbsp;&nbsp;&nbsp;&nbsp;&nbsp;&nbsp;&nbsp;&nbsp;&nbsp;&nbsp;&nbsp;&nbsp;&nbsp; (post code, city) &nbsp; &nbsp; &nbsp; &nbsp; Store Pan Tr\u00f3jniak Wilk\u00f3w 69&nbsp; 24-313 Wilk\u00f3w&nbsp; Poland&nbsp; STATEMENT OF WITHDRAWAL [&hellip;]<\/p>\n","protected":false},"author":1,"featured_media":0,"parent":0,"menu_order":0,"comment_status":"closed","ping_status":"closed","template":"","meta":{"_acf_changed":false,"footnotes":""},"class_list":["post-575","page","type-page","status-publish","hentry"],"acf":[],"yoast_head":"<!-- This site is optimized with the Yoast SEO plugin v27.4 - https:\/\/yoast.com\/product\/yoast-seo-wordpress\/ -->\n<title>Statement of withdrawal from Sales Agreement | Pan Tr\u00f3jniak<\/title>\n<meta name=\"robots\" content=\"index, follow, max-snippet:-1, max-image-preview:large, max-video-preview:-1\" \/>\n<link rel=\"canonical\" href=\"https:\/\/pantrojniak.com\/en\/statement-of-withdrawal-from-sales-agreement\/\" \/>\n<meta property=\"og:locale\" content=\"en_US\" \/>\n<meta property=\"og:type\" content=\"article\" \/>\n<meta property=\"og:title\" content=\"Statement of withdrawal from Sales Agreement | Pan Tr\u00f3jniak\" \/>\n<meta property=\"og:description\" content=\"Statement of withdrawal from the Sales Agreement &nbsp; ___________________,&nbsp; ________________ r. &nbsp; (place and date) The Buyer &nbsp; &nbsp; __________________________&nbsp; &nbsp;&nbsp;&nbsp;&nbsp;&nbsp;&nbsp;&nbsp;&nbsp;&nbsp;&nbsp;&nbsp;&nbsp;&nbsp; (name and surname) &nbsp; &nbsp; __________________________ &nbsp;&nbsp;&nbsp;&nbsp;&nbsp;&nbsp; (street, hous no., flat no.) &nbsp; &nbsp; __________________________&nbsp; &nbsp;&nbsp;&nbsp;&nbsp;&nbsp;&nbsp;&nbsp;&nbsp;&nbsp;&nbsp;&nbsp;&nbsp;&nbsp;&nbsp;&nbsp;&nbsp; (post code, city) &nbsp; &nbsp; &nbsp; &nbsp; Store Pan Tr\u00f3jniak Wilk\u00f3w 69&nbsp; 24-313 Wilk\u00f3w&nbsp; Poland&nbsp; STATEMENT OF WITHDRAWAL [&hellip;]\" \/>\n<meta property=\"og:url\" content=\"https:\/\/pantrojniak.com\/en\/statement-of-withdrawal-from-sales-agreement\/\" \/>\n<meta property=\"og:site_name\" content=\"Pan Tr\u00f3jniak\" \/>\n<meta property=\"article:modified_time\" content=\"2024-10-09T15:15:26+00:00\" \/>\n<meta name=\"twitter:card\" content=\"summary_large_image\" \/>\n<meta name=\"twitter:label1\" content=\"Est. reading time\" \/>\n\t<meta name=\"twitter:data1\" content=\"1 minute\" \/>\n<script type=\"application\/ld+json\" class=\"yoast-schema-graph\">{\"@context\":\"https:\\\/\\\/schema.org\",\"@graph\":[{\"@type\":\"WebPage\",\"@id\":\"https:\\\/\\\/pantrojniak.com\\\/en\\\/statement-of-withdrawal-from-sales-agreement\\\/\",\"url\":\"https:\\\/\\\/pantrojniak.com\\\/en\\\/statement-of-withdrawal-from-sales-agreement\\\/\",\"name\":\"Statement of withdrawal from Sales Agreement | Pan Tr\u00f3jniak\",\"isPartOf\":{\"@id\":\"https:\\\/\\\/pantrojniak.com\\\/en\\\/#website\"},\"datePublished\":\"2024-10-09T15:01:06+00:00\",\"dateModified\":\"2024-10-09T15:15:26+00:00\",\"breadcrumb\":{\"@id\":\"https:\\\/\\\/pantrojniak.com\\\/en\\\/statement-of-withdrawal-from-sales-agreement\\\/#breadcrumb\"},\"inLanguage\":\"en-US\",\"potentialAction\":[{\"@type\":\"ReadAction\",\"target\":[\"https:\\\/\\\/pantrojniak.com\\\/en\\\/statement-of-withdrawal-from-sales-agreement\\\/\"]}]},{\"@type\":\"BreadcrumbList\",\"@id\":\"https:\\\/\\\/pantrojniak.com\\\/en\\\/statement-of-withdrawal-from-sales-agreement\\\/#breadcrumb\",\"itemListElement\":[{\"@type\":\"ListItem\",\"position\":1,\"name\":\"Home\",\"item\":\"https:\\\/\\\/pantrojniak.com\\\/en\\\/\"},{\"@type\":\"ListItem\",\"position\":2,\"name\":\"Statement of withdrawal from Sales Agreement\"}]},{\"@type\":\"WebSite\",\"@id\":\"https:\\\/\\\/pantrojniak.com\\\/en\\\/#website\",\"url\":\"https:\\\/\\\/pantrojniak.com\\\/en\\\/\",\"name\":\"Pan Tr\u00f3jniak\",\"description\":\"Zasmakuj w tradycji\",\"publisher\":{\"@id\":\"https:\\\/\\\/pantrojniak.com\\\/en\\\/#organization\"},\"potentialAction\":[{\"@type\":\"SearchAction\",\"target\":{\"@type\":\"EntryPoint\",\"urlTemplate\":\"https:\\\/\\\/pantrojniak.com\\\/en\\\/?s={search_term_string}\"},\"query-input\":{\"@type\":\"PropertyValueSpecification\",\"valueRequired\":true,\"valueName\":\"search_term_string\"}}],\"inLanguage\":\"en-US\"},{\"@type\":\"Organization\",\"@id\":\"https:\\\/\\\/pantrojniak.com\\\/en\\\/#organization\",\"name\":\"Pan Tr\u00f3jniak\",\"url\":\"https:\\\/\\\/pantrojniak.com\\\/en\\\/\",\"logo\":{\"@type\":\"ImageObject\",\"inLanguage\":\"en-US\",\"@id\":\"https:\\\/\\\/pantrojniak.com\\\/en\\\/#\\\/schema\\\/logo\\\/image\\\/\",\"url\":\"https:\\\/\\\/pantrojniak.com\\\/wp-content\\\/uploads\\\/2024\\\/09\\\/cropped-Favicon-trojniak.png\",\"contentUrl\":\"https:\\\/\\\/pantrojniak.com\\\/wp-content\\\/uploads\\\/2024\\\/09\\\/cropped-Favicon-trojniak.png\",\"width\":512,\"height\":512,\"caption\":\"Pan Tr\u00f3jniak\"},\"image\":{\"@id\":\"https:\\\/\\\/pantrojniak.com\\\/en\\\/#\\\/schema\\\/logo\\\/image\\\/\"}}]}<\/script>\n<!-- \/ Yoast SEO plugin. -->","yoast_head_json":{"title":"Statement of withdrawal from Sales Agreement | Pan Tr\u00f3jniak","robots":{"index":"index","follow":"follow","max-snippet":"max-snippet:-1","max-image-preview":"max-image-preview:large","max-video-preview":"max-video-preview:-1"},"canonical":"https:\/\/pantrojniak.com\/en\/statement-of-withdrawal-from-sales-agreement\/","og_locale":"en_US","og_type":"article","og_title":"Statement of withdrawal from Sales Agreement | Pan Tr\u00f3jniak","og_description":"Statement of withdrawal from the Sales Agreement &nbsp; ___________________,&nbsp; ________________ r. &nbsp; (place and date) The Buyer &nbsp; &nbsp; __________________________&nbsp; &nbsp;&nbsp;&nbsp;&nbsp;&nbsp;&nbsp;&nbsp;&nbsp;&nbsp;&nbsp;&nbsp;&nbsp;&nbsp; (name and surname) &nbsp; &nbsp; __________________________ &nbsp;&nbsp;&nbsp;&nbsp;&nbsp;&nbsp; (street, hous no., flat no.) &nbsp; &nbsp; __________________________&nbsp; &nbsp;&nbsp;&nbsp;&nbsp;&nbsp;&nbsp;&nbsp;&nbsp;&nbsp;&nbsp;&nbsp;&nbsp;&nbsp;&nbsp;&nbsp;&nbsp; (post code, city) &nbsp; &nbsp; &nbsp; &nbsp; Store Pan Tr\u00f3jniak Wilk\u00f3w 69&nbsp; 24-313 Wilk\u00f3w&nbsp; Poland&nbsp; STATEMENT OF WITHDRAWAL [&hellip;]","og_url":"https:\/\/pantrojniak.com\/en\/statement-of-withdrawal-from-sales-agreement\/","og_site_name":"Pan Tr\u00f3jniak","article_modified_time":"2024-10-09T15:15:26+00:00","twitter_card":"summary_large_image","twitter_misc":{"Est. reading time":"1 minute"},"schema":{"@context":"https:\/\/schema.org","@graph":[{"@type":"WebPage","@id":"https:\/\/pantrojniak.com\/en\/statement-of-withdrawal-from-sales-agreement\/","url":"https:\/\/pantrojniak.com\/en\/statement-of-withdrawal-from-sales-agreement\/","name":"Statement of withdrawal from Sales Agreement | Pan Tr\u00f3jniak","isPartOf":{"@id":"https:\/\/pantrojniak.com\/en\/#website"},"datePublished":"2024-10-09T15:01:06+00:00","dateModified":"2024-10-09T15:15:26+00:00","breadcrumb":{"@id":"https:\/\/pantrojniak.com\/en\/statement-of-withdrawal-from-sales-agreement\/#breadcrumb"},"inLanguage":"en-US","potentialAction":[{"@type":"ReadAction","target":["https:\/\/pantrojniak.com\/en\/statement-of-withdrawal-from-sales-agreement\/"]}]},{"@type":"BreadcrumbList","@id":"https:\/\/pantrojniak.com\/en\/statement-of-withdrawal-from-sales-agreement\/#breadcrumb","itemListElement":[{"@type":"ListItem","position":1,"name":"Home","item":"https:\/\/pantrojniak.com\/en\/"},{"@type":"ListItem","position":2,"name":"Statement of withdrawal from Sales Agreement"}]},{"@type":"WebSite","@id":"https:\/\/pantrojniak.com\/en\/#website","url":"https:\/\/pantrojniak.com\/en\/","name":"Pan Tr\u00f3jniak","description":"Zasmakuj w tradycji","publisher":{"@id":"https:\/\/pantrojniak.com\/en\/#organization"},"potentialAction":[{"@type":"SearchAction","target":{"@type":"EntryPoint","urlTemplate":"https:\/\/pantrojniak.com\/en\/?s={search_term_string}"},"query-input":{"@type":"PropertyValueSpecification","valueRequired":true,"valueName":"search_term_string"}}],"inLanguage":"en-US"},{"@type":"Organization","@id":"https:\/\/pantrojniak.com\/en\/#organization","name":"Pan Tr\u00f3jniak","url":"https:\/\/pantrojniak.com\/en\/","logo":{"@type":"ImageObject","inLanguage":"en-US","@id":"https:\/\/pantrojniak.com\/en\/#\/schema\/logo\/image\/","url":"https:\/\/pantrojniak.com\/wp-content\/uploads\/2024\/09\/cropped-Favicon-trojniak.png","contentUrl":"https:\/\/pantrojniak.com\/wp-content\/uploads\/2024\/09\/cropped-Favicon-trojniak.png","width":512,"height":512,"caption":"Pan Tr\u00f3jniak"},"image":{"@id":"https:\/\/pantrojniak.com\/en\/#\/schema\/logo\/image\/"}}]}},"_links":{"self":[{"href":"https:\/\/pantrojniak.com\/en\/wp-json\/wp\/v2\/pages\/575","targetHints":{"allow":["GET"]}}],"collection":[{"href":"https:\/\/pantrojniak.com\/en\/wp-json\/wp\/v2\/pages"}],"about":[{"href":"https:\/\/pantrojniak.com\/en\/wp-json\/wp\/v2\/types\/page"}],"author":[{"embeddable":true,"href":"https:\/\/pantrojniak.com\/en\/wp-json\/wp\/v2\/users\/1"}],"replies":[{"embeddable":true,"href":"https:\/\/pantrojniak.com\/en\/wp-json\/wp\/v2\/comments?post=575"}],"version-history":[{"count":2,"href":"https:\/\/pantrojniak.com\/en\/wp-json\/wp\/v2\/pages\/575\/revisions"}],"predecessor-version":[{"id":577,"href":"https:\/\/pantrojniak.com\/en\/wp-json\/wp\/v2\/pages\/575\/revisions\/577"}],"wp:attachment":[{"href":"https:\/\/pantrojniak.com\/en\/wp-json\/wp\/v2\/media?parent=575"}],"curies":[{"name":"wp","href":"https:\/\/api.w.org\/{rel}","templated":true}]}}